{"id":1528,"date":"2025-02-20T14:57:31","date_gmt":"2025-02-20T14:57:31","guid":{"rendered":"https:\/\/outlet.enlineabarcelona.com\/?post_type=product&#038;p=1528"},"modified":"2025-06-02T15:02:39","modified_gmt":"2025-06-02T15:02:39","slug":"fat-sofa-pouf","status":"publish","type":"product","link":"https:\/\/outlet.enlineabarcelona.com\/en\/producto\/fat-sofa-pouf\/","title":{"rendered":"Fat Sofa Pouff"},"content":{"rendered":"<p>Org\u00e1nicas, suaves y sinuosas en su forma, las butacas <em data-start=\"54\" data-end=\"64\">Fat-Sofa<\/em>, disponibles en tres versiones, incluida una con un respaldo alto y envolvente, interpretan el concepto de confort de manera l\u00fadica e informal. Estos asientos a ras de suelo, sin base met\u00e1lica y con tapizado en tela o cuero, ofrecen la posibilidad de elegir entre sofisticadas opciones en tono \u00fanico o bicolor, combinando tambi\u00e9n cuero y tela.<\/p>\n","protected":false},"excerpt":{"rendered":"<p>Org\u00e1nicas, suaves y sinuosas en su forma, las butacas Fat-Sofa, disponibles en tres versiones, incluida una con un respaldo alto y envolvente, interpretan el concepto de confort de manera l\u00fadica e informal. Estos asientos a ras de suelo, sin base met\u00e1lica y con tapizado en tela o cuero, ofrecen la posibilidad de elegir entre sofisticadas &#8230; <a title=\"Fat Sofa Pouff\" class=\"read-more\" href=\"https:\/\/outlet.enlineabarcelona.com\/en\/producto\/fat-sofa-pouf\/\" aria-label=\"Read more about Fat Sofa Pouff\">Read more<\/a><\/p>\n","protected":false},"featured_media":1529,"comment_status":"open","ping_status":"closed","template":"","meta":[],"product_cat":[104,17],"product_tag":[],"disenador":[52],"marca":[37],"class_list":{"0":"post-1528","1":"product","2":"type-product","3":"status-publish","4":"has-post-thumbnail","6":"product_cat-outlet","7":"product_cat-sin-categorizar","8":"product_shipping_class-transporte-especializado","9":"disenador-patricia-urquiola","10":"marca-bb-italia","11":"sales-flash-overlay","12":"woocommerce-text-align-center","13":"woocommerce-image-align-center","14":"do-quantity-buttons","15":"wc-has-gallery","17":"first","18":"instock","19":"sale","20":"taxable","21":"shipping-taxable","22":"purchasable","23":"product-type-simple"},"_links":{"self":[{"href":"https:\/\/outlet.enlineabarcelona.com\/en\/wp-json\/wp\/v2\/product\/1528","targetHints":{"allow":["GET"]}}],"collection":[{"href":"https:\/\/outlet.enlineabarcelona.com\/en\/wp-json\/wp\/v2\/product"}],"about":[{"href":"https:\/\/outlet.enlineabarcelona.com\/en\/wp-json\/wp\/v2\/types\/product"}],"replies":[{"embeddable":true,"href":"https:\/\/outlet.enlineabarcelona.com\/en\/wp-json\/wp\/v2\/comments?post=1528"}],"wp:featuredmedia":[{"embeddable":true,"href":"https:\/\/outlet.enlineabarcelona.com\/en\/wp-json\/wp\/v2\/media\/1529"}],"wp:attachment":[{"href":"https:\/\/outlet.enlineabarcelona.com\/en\/wp-json\/wp\/v2\/media?parent=1528"}],"wp:term":[{"taxonomy":"product_cat","embeddable":true,"href":"https:\/\/outlet.enlineabarcelona.com\/en\/wp-json\/wp\/v2\/product_cat?post=1528"},{"taxonomy":"product_tag","embeddable":true,"href":"https:\/\/outlet.enlineabarcelona.com\/en\/wp-json\/wp\/v2\/product_tag?post=1528"},{"taxonomy":"disenador","embeddable":true,"href":"https:\/\/outlet.enlineabarcelona.com\/en\/wp-json\/wp\/v2\/disenador?post=1528"},{"taxonomy":"marca","embeddable":true,"href":"https:\/\/outlet.enlineabarcelona.com\/en\/wp-json\/wp\/v2\/marca?post=1528"}],"curies":[{"name":"wp","href":"https:\/\/api.w.org\/{rel}","templated":true}]}}