{"id":1651,"date":"2024-12-02T08:56:28","date_gmt":"2024-12-02T08:56:28","guid":{"rendered":"https:\/\/outlet.enlineabarcelona.com\/producto\/ph5-mini-lamp-green\/"},"modified":"2024-12-02T08:56:28","modified_gmt":"2024-12-02T08:56:28","slug":"ph5-mini-lamp-green","status":"publish","type":"product","link":"https:\/\/outlet.enlineabarcelona.com\/en\/producto\/ph5-mini-lamp-green\/","title":{"rendered":"PH5 Mini Lamp &#8211; Green"},"content":{"rendered":"<p>Poul Henningsen designed the PH 5 in 1958 as a reaction against the many alterations that light bulb manufacturers were making to the shape and size of incandescent bulbs at the time, which Henningsen considered completely senseless. The PH 5 adapted to all types of light sources by converting everything into friendly illumination. This made the PH 5 so famous that it became synonymous with \u2018the PH light\u2019, which still illuminates even the most contemporary interiors today, just like the PH 5 Mini.<\/p>\n<p>Esto hizo tan famoso al PH 5 que se convirti\u00f3 en sin\u00f3nimo de \u00abla luz PH\u00bb, que a\u00fan hoy ilumina los interiores m\u00e1s contempor\u00e1neos, al igual que el PH 5 Mini. Henningsen had a distinctive scientific approach to light and designed numerous luminaires based on the three-shade system he invented in 1925 to achieve excellent glare-free illumination. He used the logarithmic spiral as a basis and achieved uniform light distribution with the multi-screen system, which reduced glare and shadows. In 2020, the PH 5 Mini Monochrome series was introduced to accentuate this striking design and offer a more contemporary look. The matt painted metal shades are available in black, white and ultra blue for the more daring decorator.<\/p>\n","protected":false},"excerpt":{"rendered":"<p>Poul Henningsen designed the PH 5 in 1958 as a reaction against the many alterations that light bulb manufacturers were making to the shape and size of incandescent bulbs at the time, which Henningsen considered completely senseless. The PH 5 adapted to all types of light sources by converting everything into friendly illumination. This made &#8230; <a title=\"PH5 Mini Lamp &#8211; Green\" class=\"read-more\" href=\"https:\/\/outlet.enlineabarcelona.com\/en\/producto\/ph5-mini-lamp-green\/\" aria-label=\"Read more about PH5 Mini Lamp &#8211; Green\">Read more<\/a><\/p>\n","protected":false},"featured_media":648,"comment_status":"open","ping_status":"closed","template":"","meta":[],"product_cat":[108,107],"product_tag":[],"disenador":[236],"marca":[232],"class_list":{"0":"post-1651","1":"product","2":"type-product","3":"status-publish","4":"has-post-thumbnail","6":"product_cat-outlet-en","7":"product_cat-sin-categorizar-en","8":"disenador-poul-henningsen-en","9":"marca-louis-poulsen","10":"sales-flash-overlay","11":"woocommerce-text-align-center","12":"woocommerce-image-align-center","13":"do-quantity-buttons","14":"wc-has-gallery","16":"first","17":"outofstock","18":"sale","19":"taxable","20":"shipping-taxable","21":"purchasable","22":"product-type-simple"},"_links":{"self":[{"href":"https:\/\/outlet.enlineabarcelona.com\/en\/wp-json\/wp\/v2\/product\/1651","targetHints":{"allow":["GET"]}}],"collection":[{"href":"https:\/\/outlet.enlineabarcelona.com\/en\/wp-json\/wp\/v2\/product"}],"about":[{"href":"https:\/\/outlet.enlineabarcelona.com\/en\/wp-json\/wp\/v2\/types\/product"}],"replies":[{"embeddable":true,"href":"https:\/\/outlet.enlineabarcelona.com\/en\/wp-json\/wp\/v2\/comments?post=1651"}],"wp:featuredmedia":[{"embeddable":true,"href":"https:\/\/outlet.enlineabarcelona.com\/en\/wp-json\/wp\/v2\/media\/648"}],"wp:attachment":[{"href":"https:\/\/outlet.enlineabarcelona.com\/en\/wp-json\/wp\/v2\/media?parent=1651"}],"wp:term":[{"taxonomy":"product_cat","embeddable":true,"href":"https:\/\/outlet.enlineabarcelona.com\/en\/wp-json\/wp\/v2\/product_cat?post=1651"},{"taxonomy":"product_tag","embeddable":true,"href":"https:\/\/outlet.enlineabarcelona.com\/en\/wp-json\/wp\/v2\/product_tag?post=1651"},{"taxonomy":"disenador","embeddable":true,"href":"https:\/\/outlet.enlineabarcelona.com\/en\/wp-json\/wp\/v2\/disenador?post=1651"},{"taxonomy":"marca","embeddable":true,"href":"https:\/\/outlet.enlineabarcelona.com\/en\/wp-json\/wp\/v2\/marca?post=1651"}],"curies":[{"name":"wp","href":"https:\/\/api.w.org\/{rel}","templated":true}]}}