{"id":211,"date":"2024-12-02T08:01:02","date_gmt":"2024-12-02T08:01:02","guid":{"rendered":"https:\/\/outlet.enlineabarcelona.com\/?post_type=product&#038;p=211"},"modified":"2025-06-02T15:02:44","modified_gmt":"2025-06-02T15:02:44","slug":"pk24","status":"publish","type":"product","link":"https:\/\/outlet.enlineabarcelona.com\/en\/producto\/pk24\/","title":{"rendered":"PK24"},"content":{"rendered":"<p>La PK24 es una de las creaciones m\u00e1s conocidas de su dise\u00f1ador. Tambi\u00e9n llamada silla hamaca, por la forma en la que el cuerpo se sostiene entre dos puntos.<\/p>\n","protected":false},"excerpt":{"rendered":"<p>La PK24 es una de las creaciones m\u00e1s conocidas de su dise\u00f1ador. Tambi\u00e9n llamada silla hamaca, por la forma en la que el cuerpo se sostiene entre dos puntos.<\/p>\n","protected":false},"featured_media":212,"comment_status":"open","ping_status":"closed","template":"","meta":[],"product_cat":[104,17],"product_tag":[],"disenador":[54],"marca":[53],"class_list":{"0":"post-211","1":"product","2":"type-product","3":"status-publish","4":"has-post-thumbnail","6":"product_cat-outlet","7":"product_cat-sin-categorizar","8":"disenador-poul-kjaerholm","9":"marca-fritz-hansen","10":"sales-flash-overlay","11":"woocommerce-text-align-center","12":"woocommerce-image-align-center","13":"do-quantity-buttons","14":"wc-has-gallery","16":"first","17":"outofstock","18":"sale","19":"taxable","20":"shipping-taxable","21":"purchasable","22":"product-type-simple"},"_links":{"self":[{"href":"https:\/\/outlet.enlineabarcelona.com\/en\/wp-json\/wp\/v2\/product\/211","targetHints":{"allow":["GET"]}}],"collection":[{"href":"https:\/\/outlet.enlineabarcelona.com\/en\/wp-json\/wp\/v2\/product"}],"about":[{"href":"https:\/\/outlet.enlineabarcelona.com\/en\/wp-json\/wp\/v2\/types\/product"}],"replies":[{"embeddable":true,"href":"https:\/\/outlet.enlineabarcelona.com\/en\/wp-json\/wp\/v2\/comments?post=211"}],"wp:featuredmedia":[{"embeddable":true,"href":"https:\/\/outlet.enlineabarcelona.com\/en\/wp-json\/wp\/v2\/media\/212"}],"wp:attachment":[{"href":"https:\/\/outlet.enlineabarcelona.com\/en\/wp-json\/wp\/v2\/media?parent=211"}],"wp:term":[{"taxonomy":"product_cat","embeddable":true,"href":"https:\/\/outlet.enlineabarcelona.com\/en\/wp-json\/wp\/v2\/product_cat?post=211"},{"taxonomy":"product_tag","embeddable":true,"href":"https:\/\/outlet.enlineabarcelona.com\/en\/wp-json\/wp\/v2\/product_tag?post=211"},{"taxonomy":"disenador","embeddable":true,"href":"https:\/\/outlet.enlineabarcelona.com\/en\/wp-json\/wp\/v2\/disenador?post=211"},{"taxonomy":"marca","embeddable":true,"href":"https:\/\/outlet.enlineabarcelona.com\/en\/wp-json\/wp\/v2\/marca?post=211"}],"curies":[{"name":"wp","href":"https:\/\/api.w.org\/{rel}","templated":true}]}}