{"id":2327,"date":"2026-02-16T15:53:14","date_gmt":"2026-02-16T15:53:14","guid":{"rendered":"https:\/\/outlet.enlineabarcelona.com\/?post_type=product&#038;p=2327"},"modified":"2026-02-16T16:17:13","modified_gmt":"2026-02-16T16:17:13","slug":"chair-elementaire","status":"publish","type":"product","link":"https:\/\/outlet.enlineabarcelona.com\/en\/producto\/chair-elementaire\/","title":{"rendered":"\u00c9l\u00e9mentaire Chair"},"content":{"rendered":"<div class=\"description_dqinhag descriptionShowMousePointer_d15ns8uc\">\n<div class=\"container clear\">\n<div class=\"col-md-10 col-lg-10 col-xs-12 col-sm-12 wow w3-animate-bottom- single-product__product-details-info-description-2023 animated\">\n<p>With \u00c9l\u00e9mentaire, Ronan and Erwan Bouroullec set out to create a chair that is both aesthetically and physically balanced with a sustainable profile. \u00c9l\u00e9mentaire uses 100% recycled polypropylene and the latest technology to create an ecofriendly chair that is robust enough to be a long-lasting object while still appearing delicate. Precise proportions and a clear profile give \u00c9l\u00e9mentaire a charm that allows it to stand out on its own or look strong in a group. Designed for everyday life, \u00c9l\u00e9mentaire fulfils basic needs in a balance of beauty and strength. Locally produced in Denmark, its durability and resilience make it suitable for both indoor and outdoor use.    <\/p>\n<\/div>\n<\/div>\n<\/div>\n","protected":false},"excerpt":{"rendered":"<p>With \u00c9l\u00e9mentaire, Ronan and Erwan Bouroullec set out to create a chair that is both aesthetically and physically balanced with a sustainable profile. \u00c9l\u00e9mentaire uses 100% recycled polypropylene and the latest technology to create an ecofriendly chair that is robust enough to be a long-lasting object while still appearing delicate. Precise proportions and a clear &#8230; <a title=\"\u00c9l\u00e9mentaire Chair\" class=\"read-more\" href=\"https:\/\/outlet.enlineabarcelona.com\/en\/producto\/chair-elementaire\/\" aria-label=\"Read more about \u00c9l\u00e9mentaire Chair\">Read more<\/a><\/p>\n","protected":false},"featured_media":2329,"comment_status":"open","ping_status":"closed","template":"","meta":[],"product_cat":[108],"product_tag":[],"disenador":[296],"marca":[174],"class_list":{"0":"post-2327","1":"product","2":"type-product","3":"status-publish","4":"has-post-thumbnail","6":"product_cat-outlet-en","7":"product_shipping_class-specialised-transport","8":"disenador-ronan-erwan-bouroullec","9":"marca-hay","10":"sales-flash-overlay","11":"woocommerce-text-align-center","12":"woocommerce-image-align-center","13":"do-quantity-buttons","14":"wc-has-gallery","16":"first","17":"instock","18":"sale","19":"taxable","20":"shipping-taxable","21":"purchasable","22":"product-type-simple"},"_links":{"self":[{"href":"https:\/\/outlet.enlineabarcelona.com\/en\/wp-json\/wp\/v2\/product\/2327","targetHints":{"allow":["GET"]}}],"collection":[{"href":"https:\/\/outlet.enlineabarcelona.com\/en\/wp-json\/wp\/v2\/product"}],"about":[{"href":"https:\/\/outlet.enlineabarcelona.com\/en\/wp-json\/wp\/v2\/types\/product"}],"replies":[{"embeddable":true,"href":"https:\/\/outlet.enlineabarcelona.com\/en\/wp-json\/wp\/v2\/comments?post=2327"}],"wp:featuredmedia":[{"embeddable":true,"href":"https:\/\/outlet.enlineabarcelona.com\/en\/wp-json\/wp\/v2\/media\/2329"}],"wp:attachment":[{"href":"https:\/\/outlet.enlineabarcelona.com\/en\/wp-json\/wp\/v2\/media?parent=2327"}],"wp:term":[{"taxonomy":"product_cat","embeddable":true,"href":"https:\/\/outlet.enlineabarcelona.com\/en\/wp-json\/wp\/v2\/product_cat?post=2327"},{"taxonomy":"product_tag","embeddable":true,"href":"https:\/\/outlet.enlineabarcelona.com\/en\/wp-json\/wp\/v2\/product_tag?post=2327"},{"taxonomy":"disenador","embeddable":true,"href":"https:\/\/outlet.enlineabarcelona.com\/en\/wp-json\/wp\/v2\/disenador?post=2327"},{"taxonomy":"marca","embeddable":true,"href":"https:\/\/outlet.enlineabarcelona.com\/en\/wp-json\/wp\/v2\/marca?post=2327"}],"curies":[{"name":"wp","href":"https:\/\/api.w.org\/{rel}","templated":true}]}}