{"id":922,"date":"2025-01-20T07:32:04","date_gmt":"2025-01-20T07:32:04","guid":{"rendered":"https:\/\/outlet.enlineabarcelona.com\/producto\/vestidor-ubik\/"},"modified":"2025-03-03T07:35:12","modified_gmt":"2025-03-03T07:35:12","slug":"vestidor-ubik","status":"publish","type":"product","link":"https:\/\/outlet.enlineabarcelona.com\/en\/producto\/vestidor-ubik\/","title":{"rendered":"Vestidor Ubik"},"content":{"rendered":"<p>2Ubik es un elegante vestidor basado en la combinaci\u00f3n de paneles y un sistema de estanter\u00edas. Innovador y ligero, ofrece tanto flexibilidad como funcionalidad, gracias a unidades de almacenamiento y accesorios como bandejas, cajones con frentes de madera o cristal, zapateros extra\u00edbles, pantaloneros y camiseros que pueden colocarse a la altura y en el orden deseados. La estructura del vestidor Ubik se compone de un sistema de paneles de pared disponibles en diversos acabados, que pueden combinarse o sustituirse por perfiles con estantes, completados a su vez por baldas y accesorios. Los acabados de los paneles definen el estilo est\u00e9tico del vestidor, como la versi\u00f3n cl\u00e1sica con paneles de laminado de madera, una versi\u00f3n sofisticada en cristal y variantes exclusivas de efecto textil y technocover. 2El sistema de estanter\u00edas se presenta en dos acabados met\u00e1licos opcionales, elegante pizarra y brillante champ\u00e1n.<\/p>\n","protected":false},"excerpt":{"rendered":"<p>2Ubik es un elegante vestidor basado en la combinaci\u00f3n de paneles y un sistema de estanter\u00edas. Innovador y ligero, ofrece tanto flexibilidad como funcionalidad, gracias a unidades de almacenamiento y accesorios como bandejas, cajones con frentes de madera o cristal, zapateros extra\u00edbles, pantaloneros y camiseros que pueden colocarse a la altura y en el orden &#8230; <a title=\"Vestidor Ubik\" class=\"read-more\" href=\"https:\/\/outlet.enlineabarcelona.com\/en\/producto\/vestidor-ubik\/\" aria-label=\"Read more about Vestidor Ubik\">Read more<\/a><\/p>\n","protected":false},"featured_media":911,"comment_status":"open","ping_status":"closed","template":"","meta":[],"product_cat":[108,107],"product_tag":[],"disenador":[105],"marca":[106],"class_list":{"0":"post-922","1":"product","2":"type-product","3":"status-publish","4":"has-post-thumbnail","6":"product_cat-outlet-en","7":"product_cat-sin-categorizar-en","8":"product_shipping_class-specialised-transport","9":"disenador-poliform-en","10":"marca-poliform","11":"sales-flash-overlay","12":"woocommerce-text-align-center","13":"woocommerce-image-align-center","14":"do-quantity-buttons","15":"wc-has-gallery","17":"first","18":"outofstock","19":"sale","20":"taxable","21":"shipping-taxable","22":"purchasable","23":"product-type-simple"},"_links":{"self":[{"href":"https:\/\/outlet.enlineabarcelona.com\/en\/wp-json\/wp\/v2\/product\/922","targetHints":{"allow":["GET"]}}],"collection":[{"href":"https:\/\/outlet.enlineabarcelona.com\/en\/wp-json\/wp\/v2\/product"}],"about":[{"href":"https:\/\/outlet.enlineabarcelona.com\/en\/wp-json\/wp\/v2\/types\/product"}],"replies":[{"embeddable":true,"href":"https:\/\/outlet.enlineabarcelona.com\/en\/wp-json\/wp\/v2\/comments?post=922"}],"wp:featuredmedia":[{"embeddable":true,"href":"https:\/\/outlet.enlineabarcelona.com\/en\/wp-json\/wp\/v2\/media\/911"}],"wp:attachment":[{"href":"https:\/\/outlet.enlineabarcelona.com\/en\/wp-json\/wp\/v2\/media?parent=922"}],"wp:term":[{"taxonomy":"product_cat","embeddable":true,"href":"https:\/\/outlet.enlineabarcelona.com\/en\/wp-json\/wp\/v2\/product_cat?post=922"},{"taxonomy":"product_tag","embeddable":true,"href":"https:\/\/outlet.enlineabarcelona.com\/en\/wp-json\/wp\/v2\/product_tag?post=922"},{"taxonomy":"disenador","embeddable":true,"href":"https:\/\/outlet.enlineabarcelona.com\/en\/wp-json\/wp\/v2\/disenador?post=922"},{"taxonomy":"marca","embeddable":true,"href":"https:\/\/outlet.enlineabarcelona.com\/en\/wp-json\/wp\/v2\/marca?post=922"}],"curies":[{"name":"wp","href":"https:\/\/api.w.org\/{rel}","templated":true}]}}